{"id":942,"date":"2020-01-29T10:50:36","date_gmt":"2020-01-29T10:50:36","guid":{"rendered":"https:\/\/web3.apavil.ro\/?page_id=942"},"modified":"2026-04-09T10:32:17","modified_gmt":"2026-04-09T08:32:17","slug":"anunturi","status":"publish","type":"page","link":"https:\/\/apavil.ro\/?page_id=942","title":{"rendered":"Anunturi"},"content":{"rendered":"\n<p class=\"has-very-light-gray-color has-text-color has-background\" style=\"background-color:#154f99\"><strong>Anul 2026<\/strong><\/p>\n\n\n\n<p><\/p>\n\n\n\n<div class=\"wp-container-2 wp-block-group\"><div class=\"wp-block-group__inner-container\">\n<div class=\"wp-container-1 wp-block-group\"><div class=\"wp-block-group__inner-container\">\n<ul><li><a href=\"https:\/\/apavil.ro\/materiale\/anunturi\/2026\/Anunt Calimanesti 09.04.pdf\">Anun\u021b public privind revizuirea autoriza\u021biei de mediu a autoriza\u021biei de mediu nr. 5 din 18.01.2019<\/a><\/li><li><a href=\"https:\/\/apavil.ro\/materiale\/anunturi\/2026\/anunt_public_nicolae_balcescu.pdf\">Anun\u0163 public privind revizuirea sistemului de alimentare cu ap\u0103 \u0219i evacuare ape uzate \u00een localitatea Nicolae B\u0103lcescu<\/a><\/li><li><a href=\"https:\/\/apavil.ro\/materiale\/anunturi\/2026\/Anunt mediu_09.02.2026.pdf\">Anun\u021b public privind decizia etapei de \u00eencadrare pentru proiectul \u201eProiectul regional de dezvoltare a infrastructurii de ap\u0103 \u0219i ap\u0103 uzat\u0103 \u00een jude\u021bul V\u00e2lcea\u201d<\/a><\/li><li><a href=\"https:\/\/apavil.ro\/materiale\/anunturi\/2026\/Anunt mediu_21.01.2026.pdf\">Anun\u021b public privind depunerea solicit\u0103rii de emitere a acordului de mediu pentru proiectul \u201eProiectul regional de dezvoltare a infrastructurii de ap\u0103 \u0219i ap\u0103 uzat\u0103 \u00een jude\u021bul V\u00e2lcea\u201d<\/a><\/li><\/ul>\n<\/div><\/div>\n<\/div><\/div>\n\n\n\n<p class=\"has-very-light-gray-color has-text-color has-background\" style=\"background-color:#154f99\"><strong>Anul 2025<\/strong><\/p>\n\n\n\n<ul><li><a href=\"https:\/\/apavil.ro\/materiale\/anunturi\/2025\/Apavil_Anunt public 2.pdf\">Anun\u0163 public nr.2 privind depunerea solicit\u0103rii de emitere a acordului de mediu<\/a><\/li><li><a href=\"https:\/\/apavil.ro\/materiale\/anunturi\/2025\/Anunt public 1_ feb 2025.pdf\">Anun\u0163 public nr.1 privind depunerea solicit\u0103rii de emitere a acordului de mediu<\/a><\/li><li><a href=\"https:\/\/apavil.ro\/materiale\/anunturi\/2025\/inchidere circulatie carol.pdf\">Inchidere circulatie str. Carol I 21.01.2025<\/a><\/li><\/ul>\n\n\n\n<p class=\"has-very-light-gray-color has-text-color has-background\" style=\"background-color:#154f99\"><strong>Anul 2024<\/strong><\/p>\n\n\n\n<ul><li><a href=\"https:\/\/apavil.ro\/materiale\/anunturi\/2024\/restrictii alim Berislavesti.pdf\">Apa potabil\u0103 furnizat\u0103 \u00een regim de restric\u021bie \u00een comuna Berisl\u0103ve\u0219ti<\/a><\/li><li><a href=\"https:\/\/apavil.ro\/materiale\/anunturi\/2024\/Oprire Govora 14.08.2024.pdf\">Anun\u021b \u00eentrerupe furnizare ap\u0103 potabil\u0103 pe urm\u0103toarele str\u0103zi: Tudor Vladimirescu par\u021bial (\u00eentre str. Palangine \u0219i rezervor Cucurigu), Grivi\u021bei, Viorelelor, Eroilor, Zorileanu \u0219i V. Alecsandri. De asemenea, aceast\u0103 \u00eentrerupere va afecta \u0219i hotelurile: Oltenia, Palace \u0219i Belvedere din B\u0103ile Govora., \u00een data de 14.08.2024 orele  14:00 \u0219i p\u00e2n\u0103 la finalizarea lucr\u0103rilor<\/a><\/li><\/ul>\n\n\n\n<p class=\"has-very-light-gray-color has-text-color has-background\" style=\"background-color:#154f99\"><strong>Anul 2023<\/strong><\/p>\n\n\n\n<ul><li><a href=\"https:\/\/apavil.ro\/materiale\/anunturi\/2023\/anunt public 041223.pdf\">Anun\u021b public privind decizia etapei de \u00eencadrare pentru proiectul: \u201dEXTINDERE RE\u021aEA DE CANALIZARE MENAJER\u0102 \u0218I RACORDURI\u201d propus a fi realizat \u00een mun. R\u00e2mnicu V\u00e2lcea, sttr. Nistor Dumitrescu, jud. V\u00e2lcea.<\/a><\/li><li><a href=\"https:\/\/apavil.ro\/materiale\/anunturi\/2023\/anunt_public101123.pdf\">Anun\u021b public privind depunerea solicit\u0103rii de emitere a acordului de mediu pentru proiectul: \u201dEXTINDERE RE\u021aEA DE CANALIZARE MENAJER\u0102 \u0218I RACORDURI\u201d propus a fi realizat \u00een mun. R\u00e2mnicu V\u00e2lcea, sttr. Nistor Dumitrescu, jud. V\u00e2lcea.<\/a><\/li><li><a href=\"https:\/\/apavil.ro\/materiale\/anunturi\/2023\/anunt mediu Copacelu, Depozitelor.pdf\">Anun\u021b public privind decizia etapei de \u00eencadrare pentru proiect: \u201dEXTINDERE RE\u021aEA DE CANALIZARE MENAJER\u0102 \u0218I RACORDURI\u201d propus a fi amplasat \u00een mun. R\u00e2mnicu V\u00e2lcea, str. Cop\u0103celu \u0219i str. Depozitelor, jud. V\u00e2lcea.<\/a><\/li><li><a href=\"https:\/\/apavil.ro\/materiale\/anunturi\/2023\/anunt_public051023.pdf\">Anunt public privind depunera solicit\u0103rii de emitere a acordului de mediu pentru proiect: \u201dEXTINDERE RE\u021aEA DE CANALIZARE MENAJER\u0102 \u0218I RACORDURI\u201d propus a fi amplasat \u00een mun. R\u00e2mnicu V\u00e2lcea, str. Cop\u0103celu \u0219i str. Depozitelor, jud. V\u00e2lcea.<\/a><\/li><li><a href=\"https:\/\/apavil.ro\/materiale\/anunturi\/2023\/anunt_public18092023.pdf\">Anunt public nr.2 privind decizia etapei de \u00eencadrare \u00een procedura de evaluare a impactului asupra mediului pentru proiectul: \u201dConstruire re\u021bea de canalizare menajer\u0103\u201d, propus a fi realizat \u00een Rm. V\u00e2lcea, strada Dem Teodorescu, jude\u021bul V\u00e2lcea.<\/a><\/li><li><a href=\"https:\/\/apavil.ro\/materiale\/anunturi\/2023\/Apavil_Anunt public_23.08.2023.pdf\">Anunt public nr.1 privind depunerea solicit\u0103rii de emitere a acordului de mediu pentru proiectul: \u201dConstruire re\u021bea de canalizare menajer\u0103\u201d, propus a fi realizat \u00een Rm. V\u00e2lcea, strada Dem Teodorescu, jude\u021bul V\u00e2lcea.<\/a><\/li><li><a href=\"https:\/\/apavil.ro\/materiale\/anunturi\/2023\/ANUNT MEDIU OCNE_20.03.2023.pdf\">Anunt public privind decizia etapei de incadrare pentru proiectul: \u201eReabilitare Re\u021bea De Distribu\u021bie Ap\u0103 Potabil\u0103 \u0218i Bran\u0219amente \u2013 Str. G\u0103rii, Ora\u0219 Ocnele Mari\u201d<\/a><\/li><li><a href=\"https:\/\/apavil.ro\/materiale\/anunturi\/2023\/anunt public reautorizare APM Voineasa.pdf\">Anun\u0163 Public Privind Reautorizarea Sistemului De Alimentare Cu Ap\u0103 \u0218i Evacuare Ape Uzate \u00cen Localitatea Voineasa<\/a><\/li><li><a href=\"https:\/\/apavil.ro\/materiale\/anunturi\/2023\/ANUNT MEDIU OCNE_09.02.2023.pdf\">Anunt public privind depunerea solicit\u0103rii de emitere a acordului de mediu pentru proiectul: \u201eReabilitare Re\u021bea De Distribu\u021bie Ap\u0103 Potabil\u0103 \u0218i Bran\u0219amente \u2013 Str. G\u0103rii, Ora\u0219 Ocnele Mari\u201d<\/a><\/li><\/ul>\n\n\n\n<p class=\"has-very-light-gray-color has-text-color has-background\" style=\"background-color:#154f99\"><strong>Anul 2022<\/strong><\/p>\n\n\n\n<ul><li><a href=\"https:\/\/apavil.ro\/materiale\/anunturi\/2022\/anunt public-etapa incadrare.pdf\">Anunt public privind decizia etapei de incadrare pentru proiectul: \u201eProiectul Regional de Dezvoltare a Infrastructurii de Ap\u0103 \u0219i Ap\u0103 Uzat\u0103 din jude\u021bul V\u00e2lcea\u201d<\/a> <\/li><li><a href=\"https:\/\/apavil.ro\/materiale\/anunturi\/2022\/anunt public_01.07.2022.pdf\">Anunt public privind decizia etapei de incadrare pentru proiectul: \u201eProiectul Regional de Dezvoltare a Infrastructurii de Ap\u0103 \u0219i Ap\u0103 Uzat\u0103 din jude\u021bul V\u00e2lcea\u201d<\/a> <\/li><li><a href=\"https:\/\/apavil.ro\/materiale\/anunturi\/2022\/anunt public_10.06.2022.pdf\">Anunt public privind depunerea solicitarii de emitere a acordului de mediu pentru proiectul \u201eProiectul Regional de Dezvoltare a Infrastructurii de Ap\u0103 \u0219i Ap\u0103 Uzat\u0103 \u00een jude\u021bul V\u00e2lcea\u201d<\/a><\/li><li><a href=\"https:\/\/apavil.ro\/materiale\/anunturi\/2022\/anunt public_10.03.2022.pdf\" data-type=\"URL\" data-id=\"https:\/\/apavil.ro\/materiale\/anunturi\/2022\/anunt public_10.03.2022.pdf\">Anunt public privind decizia etapei de \u00eencadrare<\/a><\/li><li><a href=\"https:\/\/apavil.ro\/materiale\/anunturi\/2022\/anunt_04.02.2022.pdf\">Anunt public privind depunerea documenta\u021biei tehnice<\/a> <\/li><\/ul>\n\n\n\n<p class=\"has-very-light-gray-color has-text-color has-background\" style=\"background-color:#154f99\"><strong>Anul 2021<\/strong><\/p>\n\n\n\n<ul><li><a href=\"https:\/\/apavil.ro\/materiale\/anunturi\/2021\/anunt public_06.12.2021.pdf\">Anunt public  privind depunerea solicit\u0103rii de emitere a acordului de mediu<\/a><\/li><li><a href=\"https:\/\/apavil.ro\/materiale\/anunturi\/2021\/anunt public_16.11.2021.pdf\">Anunt public privind decizia etapei de \u00eencadrare<\/a><\/li><li><a href=\"https:\/\/apavil.ro\/materiale\/anunturi\/2021\/anunt_public_121121.pdf\">Anunt public privind decizia etapei de \u00eencadrare<\/a><\/li><li><a href=\"https:\/\/apavil.ro\/materiale\/anunturi\/2021\/anunt public_27_10_2021.pdf\">Anunt public privind depunerea solicit\u0103rii de emitere a acordului de mediu pentru \u201cProiectul regional de dezvoltare a infrastructurii de ap\u0103 \u0219i ap\u0103 uzat\u0103 \u00een jude\u021bul V\u00e2lcea\u201d<\/a><\/li><li><a href=\"https:\/\/apavil.ro\/materiale\/anunturi\/2021\/anunt public_20.04.2021.pdf\">Anunt public privind depunerea solicit\u0103rii de emitere a acordului de mediu pentru proiectul \u201cDeviere re\u021bea ap\u0103 potabil\u0103 \u0219i de canalizare, strada Calea lui Traian \u2013 blocurile Vilmar, Rm. V\u00e2lcea\u201d<\/a><\/li><li><a href=\"https:\/\/apavil.ro\/materiale\/anunturi\/2021\/igienizare_rezervorPrundeni.pdf\">Lucr\u0103ri de igienizare la rezervorul de \u00eenmagazinare ap\u0103 potabil\u0103 din Prundeni in data de 01.04.2021<\/a><\/li><li><a href=\"https:\/\/apavil.ro\/materiale\/anunturi\/2021\/ANUNT PROGRAM CASIERIE 25.02.2021.pdf\">Anunt program casierie Carol I in data de 25.02.2021<\/a><\/li><li><a href=\"https:\/\/apavil.ro\/materiale\/anunturi\/2021\/anunt%20public_19.02.2021.pdf\">Anunt public privind decizia etapei de incadrare privind proiectul  \u201eExtindere re\u021bea ap\u0103 potabil\u0103 si bran\u0219amente\u201d<\/a><\/li><\/ul>\n\n\n\n<p class=\"has-very-light-gray-color has-text-color has-background\" style=\"background-color:#154f99\"><strong>Anul 2020<\/strong><\/p>\n\n\n\n<ul><li><a href=\"https:\/\/apavil.ro\/materiale\/anunturi\/2020\/anunt public_09.12.2020.pdf\">Anunt public privind decizia etapei de incadrare privind proiectul  \u201eExtindere re\u021bea ap\u0103 potabil\u0103, bran\u0219amente, sta\u021bie de pompare, extindere re\u021bea de canalizare menajer\u0103 \u0219i racorduri\u201d<\/a><\/li><li><a href=\"https:\/\/apavil.ro\/materiale\/anunturi\/2020\/anunt public_26.11.2020.pdf\">Anunt public privind decizia etapei de incadrare privind proiectul  \u201e EXTINDERE RE\u021aEA DE CANALIZARE MENAJER\u0102, S.P.A.U. \u0218I RACORDURI\u201d<\/a><\/li><li><a href=\"\/materiale\/anunturi\/2020\/anunt_public_19.11.2020.pdf\">Anunt public privind decizia etapei de incadrare privind proiectul  \u201eEXTINDERE RE\u021aEA DE AP\u0102 POTABIL\u0102 \u0218I BRAN\u0218AMENTE\u201d<\/a><\/li><li><a href=\"\/materiale\/anunturi\/2020\/anunt_10.11.2020.pdf\">Anunt public privind decizia etapei de incadrare privind proiectul  \u201eEXTINDERE RE\u021aEA DE AP\u0102 POTABIL\u0102, BRAN\u0218AMENTE, EXTINDERE RE\u021aEA DE CANALIZARE MENAJER\u0102 \u0218I RACORDURI\u201d<\/a><\/li><li><a href=\"https:\/\/apavil.ro\/wp-content\/uploads\/2020\/10\/ANUNT-PROGRAM-CASIERII-29.10.2020.pdf\">ANUNT PROGRAM CASIERII Apavil SA in zilele de 30.10.2020 si 02.11.2020<\/a><\/li><li><a href=\"https:\/\/apavil.ro\/wp-content\/uploads\/2020\/10\/ANUNT-PROGRAM-CASIERIE-23.10.2020.pdf\">ANUNT PROGRAM CASIERIE din locatia de pe strada Carol I nr. 3-5 in data de 23.10.2020<\/a><\/li><li><a href=\"https:\/\/apavil.ro\/materiale\/anunturi\/2020\/anunt_oprireapa_salatrucel.pdf\">Anunt intrerupere furnizare apa potabila pe strada Principala com. Salatrucel in perioara 13.10.2020 ora 08:00 &#8211; 15:00<\/a><\/li><li><a href=\"https:\/\/apavil.ro\/materiale\/anunturi\/2020\/Anunt intrerupere circuatie M Viteazu_sept 2020.pdf\">Anunt intrerupere circulatie pe strada Mihai Viteazu  in perioada 07.10.2020, ora 08<sup>00 <\/sup>\u2013 16.10.2020, ora 20<sup>00<\/sup><\/a><\/li><li><a href=\"https:\/\/apavil.ro\/materiale\/anunturi\/2020\/acord mediu_Intrarea Zavoieni.pdf\">Anunt public privind depunerea solicit\u0103rii de emitere a acordului de mediu proiect: \u201dEXTINDERE RE\u021aEA DE CANALIZARE MENAJER\u0102, S.P.A.U. \u0218I RACORDURI\u201d (01.10.2020)<\/a><\/li><li><a href=\"https:\/\/apavil.ro\/materiale\/anunturi\/2020\/emitere acord mediu_Alunului.pdf\">Anunt public privind depunerea solicit\u0103rii de emitere a acordului de mediu proiect:  \u201dEXTINDERE RE\u021aEA DE AP\u0102 POTABIL\u0102, BRAN\u0218AMENTE, EXTINDERE RE\u021aEA DE CANALIZARE MENAJER\u0102 \u0218I RACORDURI\u201d (01.10.2020)<\/a><\/li><li><a href=\"https:\/\/apavil.ro\/materiale\/anunturi\/2020\/anunt public reautorizare APM Dragoesti_30.09.2020.pdf\">Anun\u0163 public privind reautorizarea sistemului de alimentare cu ap\u0103  \u0219i evacuare ape uzate \u00een localitatea Dr\u0103goe\u0219ti (30.09.2020)<\/a><\/li><li><a rel=\"noreferrer noopener\" aria-label=\" (opens in a new tab)\" href=\"https:\/\/apavil.ro\/materiale\/anunturi\/2020\/anunt public_17.06.2020.pdf\" target=\"_blank\">Anunt public privind depunerea solicit\u0103rii de emitere a acordului de mediu (17.06.2020)<\/a><\/li><li><a rel=\"noreferrer noopener\" href=\"https:\/\/www.apavil.ro\/materiale\/anunturi\/2020\/completare anunt sedinta de dezbatere publica a solicitarii obtinerii autorizatiei de mediu de catre Apavil S.A.pdf\" target=\"_blank\">Completare anunt sedinta de dezbatere publica a solicitarii obtinerii autorizatiei de mediu de catre Apavil S.A (28.05.2020)<\/a>       <\/li><li><a rel=\"noreferrer noopener\" href=\"https:\/\/www.apavil.ro\/materiale\/anunturi\/2020\/Anunt oprire Gib Mihaescu_12 mai 2020.pdf\" target=\"_blank\">Anunt Intrerupere Furnizare Apa Potabila Ramnicu Valcea \u2013 Str. Gib Mih\u0103escu 12.05.2020 (11.05.2020)<\/a>       <\/li><li><a rel=\"noreferrer noopener\" href=\"https:\/\/www.apavil.ro\/materiale\/anunturi\/2020\/Anunt oprire Stirbei Voda_9 mai 2020.pdf\" target=\"_blank\">Anunt Intrerupere Furnizare Apa Potabila Ramnicu Valcea \u2013 Str. Stirbei Voda 09.05.2020 (08.05.2020)<\/a>       <\/li><li><a rel=\"noreferrer noopener\" href=\"https:\/\/www.apavil.ro\/materiale\/anunturi\/2020\/Anunt oprire Salatrucel_8 mai 2020.pdf\" target=\"_blank\">Anunt Intrerupere Furnizare Apa Potabila \u2013 Comuna Salatrucel 08.05.2020 (07.05.2020)<\/a>       <\/li><li><a rel=\"noreferrer noopener\" href=\"https:\/\/www.apavil.ro\/materiale\/anunturi\/2020\/anunt%20sedinta%20de%20dezbatere%20publica%20a%20solicitarii%20obtinerii%20autorizatiei%20de%20mediu%20de%20catre%20Apavil%20S.A.pdf\" target=\"_blank\">Anunt sedinta de dezbatere publica a solicitarii obtinerii autorizatiei de mediu de catre Apavil S.A (30.04.2020)<\/a><\/li><li><a rel=\"noreferrer noopener\" href=\"https:\/\/www.apavil.ro\/materiale\/anunturi\/2020\/anunt%20public%20privind%20reautorizarea%20sistemului%20de%20alimentare%20cu%20apa%20si%20evacuare%20ape%20uzate%20din%20localitatea%20stefanesti.pdf\" target=\"_blank\">Anunt public privind reautorizarea sistemului de alimentare cu apa si evacuare ape uzate din localitatea Stefanesti (30.04.2020)<\/a><\/li><li><a rel=\"noreferrer noopener\" href=\"https:\/\/www.apavil.ro\/materiale\/anunturi\/2020\/anuntpublic_31.03.2020.pdf\" target=\"_blank\">Anunt public privind decizia etapei de incadrare (31.03.2020)<\/a><\/li><li><a rel=\"noreferrer noopener\" href=\"https:\/\/www.apavil.ro\/materiale\/anunturi\/2020\/DOC200313.pdf\" target=\"_blank\">Anunt suspendare audiente pentru limitare efecte CORONAVIRUS (13.03.2020)<\/a><\/li><li><a rel=\"noreferrer noopener\" href=\"https:\/\/www.apavil.ro\/materiale\/anunturi\/2020\/DOC200311-001(3).pdf\" target=\"_blank\">Anunt important &#8211; preventive \u00eempotriva r\u0103sp\u00e2ndirii infec\u021biei cu CORONAVIRUS (11.03.2020)<\/a><\/li><li><a rel=\"noreferrer noopener\" href=\"https:\/\/www.apavil.ro\/materiale\/anunturi\/2020\/anunt%20public_20.01.2020.pdf\" target=\"_blank\">Anunt public privind depunerea solicit\u0103rii de emitere a acordului de mediu (20.01.2020)<\/a><\/li><li><a rel=\"noreferrer noopener\" href=\"https:\/\/www.apavil.ro\/materiale\/anunturi\/2020\/anunt%20public_16.01.2020.pdf\" target=\"_blank\">Anunt public privind depunerea solicitarii de emitere a acordului de mediu pentru \u201eProiectul regional de dezvoltare a infrastructurii de ap\u0103 \u0219i ap\u0103 uzat\u0103 \u00een jude\u021bul V\u00e2lcea\u201d (16.01.2020)<\/a><\/li><li><a rel=\"noreferrer noopener\" href=\"https:\/\/www.apavil.ro\/materiale\/anunturi\/2020\/anunt%20public_14.01.2020.pdf\" target=\"_blank\">Anunt public privind depunerea solicit\u0103rii de emitere a acordului de mediu (14.01.2020)<\/a><\/li><li><a rel=\"noreferrer noopener\" href=\"https:\/\/www.apavil.ro\/materiale\/anunturi\/2020\/Anunt_mediu10.01.2020.pdf\" target=\"_blank\">Anun\u0163 Public Privind Autorizarea Sistemului Public De Captare, Tratare, Distribu\u021bie Ap\u0103 Potabil\u0103 \u0218i Colectare, Epurare Ape Uzate Din Comuna Prundeni (10.01.2020)<\/a><\/li><li><a rel=\"noreferrer noopener\" href=\"https:\/\/www.apavil.ro\/materiale\/informari\/ian2020\/Anunt_mediu07.01.2020.pdf\" target=\"_blank\">Anunt public privind depunerea solicitarii de emitere a acordului de mediu (Retea de canalizare menajera Cartier Jiblea Noua) (07.01.2020)<\/a><\/li><\/ul>\n\n\n\n<p class=\"has-very-light-gray-color has-text-color has-background\" style=\"background-color:#154f99\"><strong>Anul 2019<\/strong><\/p>\n\n\n\n<ul><li><a href=\"https:\/\/www.apavil.ro\/materiale\/anunturi\/2019\/anuntoprireapa_12.12.2019.pdf\" target=\"_blank\" rel=\"noreferrer noopener\">Anunt intrerupere furnizare apa potabila in data de 12.12.2019 (12.12.2019)<\/a><\/li><li><a href=\"https:\/\/www.apavil.ro\/materiale\/anunturi\/2019\/Comunicat_protejare%20apometre.pdf\" target=\"_blank\" rel=\"noreferrer noopener\">Anunt protejare apometre (03.12.2018)<\/a><\/li><li><a href=\"https:\/\/www.apavil.ro\/materiale\/anunturi\/2019\/anuntoprire_15.10.2019.pdf\" target=\"_blank\" rel=\"noreferrer noopener\">Anunt intrerupere furnizare apa potabila in data de 17.10.2019 (15.10.2019)<\/a><\/li><li><a href=\"https:\/\/www.apavil.ro\/materiale\/anunturi\/2019\/anuntoprireapa.pdf\" target=\"_blank\" rel=\"noreferrer noopener\">Anunt intrerupere furnizare apa potabila Comuna P\u0103u\u0219e\u0219ti M\u0103gla\u0219i, par\u021bial ora\u0219ul B\u0103ile Ol\u0103ne\u0219ti in data de 15.10.2019 (10.10.2019)<\/a><\/li><li><a href=\"https:\/\/www.apavil.ro\/materiale\/anunturi\/2019\/anunt%20oprire%20Chimcomplex_28.08.2019.pdf\" target=\"_blank\" rel=\"noreferrer noopener\">Anunt intrerupere furnizare apa potabila apei potabile la utilizatorii din comuna Mih\u0103e\u0219ti (satele: Munteni, Stup\u0103rei, Ruget, Negreni, M\u0103gura, Mih\u0103e\u0219ti Sat) \u0219i ora\u0219ul B\u0103beni (zonele T\u0103t\u0103rani \u0219i Capul Dealului) (28.08.2019)<\/a><\/li><li><a href=\"https:\/\/www.apavil.ro\/materiale\/anunturi\/2019\/anunt%20oprire%2008.08.2019.pdf\" target=\"_blank\" rel=\"noreferrer noopener\">Anunt intrerupere furnizare apa potabila strada Gneral Magheru 08.08.2019 (07.08.2019)<\/a><\/li><li><a href=\"https:\/\/www.apavil.ro\/materiale\/anunturi\/2019\/Apavil_%20informare%20publica_aba.pdf\" target=\"_blank\" rel=\"noreferrer noopener\">Anunt informare publica ABA Olt (23.07.2019)<\/a><\/li><li><a href=\"https:\/\/www.apavil.ro\/materiale\/anunturi\/2019\/Comunicat%2021.07.2019.pdf\" target=\"_blank\" rel=\"noreferrer noopener\">Anunt referitor la calitatea apei din zonele Mihaesti, Budesti si Babeni (21.07.2019)<\/a><\/li><li><a href=\"https:\/\/www.apavil.ro\/materiale\/anunturi\/2019\/anunt%20oprire%20Chimcomplex_17.07.2019.pdf\" target=\"_blank\" rel=\"noreferrer noopener\">Anunt intrerupere furnizare apa potabila comuna Mih\u0103e\u0219ti (zona Stup\u0103rei, zona Munteni) \u0219i ora\u0219 B\u0103beni (zona T\u0103t\u0103rani) (17.07.2019)<\/a><\/li><li><a href=\"https:\/\/www.apavil.ro\/materiale\/anunturi\/2019\/Apavil_Anunt%20public%202_Schit%20Troianu.pdf\" target=\"_blank\" rel=\"noreferrer noopener\">Anunt public privind etapa de incadrare de catre autoritatea competenta pentru protectia mediului, pentru proiectul \u201dReabilitare re\u021bea alimentare cu ap\u0103 \u0219i extindere re\u021bea canalizare menajer\u0103 Schitul Troianu-etapa a II-a\u201d (10.07.2019)<\/a><\/li><li><a href=\"https:\/\/www.apavil.ro\/materiale\/anunturi\/2019\/09%20iulie%202019_%20%20anunt%20oprire%20Matei%20BASARAB.pdf\" target=\"_blank\" rel=\"noreferrer noopener\">Anunt intrerupere furnizare apa potabila, strada Matei Basarab \u2013 Biserica Sf\u00e2ntul Petru \u0219i Pavel in data de 10.07.2019, \u00eentre orele 9:00 \u2013 15:00 (09.07.2019)<\/a><\/li><li><a href=\"https:\/\/www.apavil.ro\/materiale\/informari\/iulie2019\/anunt%20restrictionarecirculatie_refacere%20carosabil%20M.%20Viteazul.pdf\" target=\"_blank\" rel=\"noreferrer noopener\">Anunt restrictionare circulatie si refacere carosabil strada Mihai Viteazul 04.07.2019 (03.07.2019)<\/a><\/li><li><a href=\"https:\/\/www.apavil.ro\/materiale\/anunturi\/2019\/Apavil_Anunt%20public%202%20Matei%20Basarab.pdf\" target=\"_blank\" rel=\"noreferrer noopener\">Anunt public nr.2 privind depunerea solicit\u0103rii de emitere a acordului de mediu (25.06.2019)<\/a><\/li><li><a href=\"https:\/\/www.apavil.ro\/materiale\/anunturi\/2019\/anunt%20oprire%20Vladesti.pdf\" target=\"_blank\" rel=\"noreferrer noopener\">Anunt intrerupere furnizare apa potabila, comuna Vladesti in data de 26. 06. 2019 \u00eentre orele 9:00 \u2013 20:00 (24.06.2019)<\/a><\/li><li><a href=\"https:\/\/www.apavil.ro\/materiale\/informari\/mai2019\/Anunt%20oprire%20Ferdinand_29%20mai%202019.pdf\" target=\"_blank\" rel=\"noreferrer noopener\">Anunt sistatare furnizare apei potabile pe str. Ferdinand si bd. Tudor Vladimirescu intre orele 9-15 &#8211; 29 mai 2019 (28.05.2019)<\/a><\/li><li><a href=\"https:\/\/www.apavil.ro\/materiale\/anunturi\/2019\/Anunt%20public%20mediu.pdf\" target=\"_blank\" rel=\"noreferrer noopener\">Anunt public nr.1 privind depunerea solicit\u0103rii de emitere a acordului de mediu (28.05.2019)<\/a><\/li><li><a href=\"https:\/\/www.apavil.ro\/materiale\/anunturi\/2019\/restrictionare%20trafic%20Dragasani_21%20mai%202019.pdf\" target=\"_blank\" rel=\"noreferrer noopener\">Anunt avarie Dragasani &#8211; restrictionare trafic &#8211; 21 mai 2019 (21.05.2019)<\/a><\/li><li><a href=\"https:\/\/www.apavil.ro\/materiale\/informari\/mai2019\/avarie%20Goranu_20.05.2019.pdf\" target=\"_blank\" rel=\"noreferrer noopener\">Anunt avarie Goranu &#8211; 20 mai 2019 (20.05.2019)<\/a><\/li><li><a href=\"https:\/\/www.apavil.ro\/materiale\/informari\/mai2019\/restrictionare%20trafic_13%20mai%202019.pdf\" target=\"_blank\" rel=\"noreferrer noopener\">Anunt restrictionare trafic (13.05.2019)<\/a><\/li><li><a href=\"https:\/\/www.apavil.ro\/materiale\/informari\/martie2019\/Intrerupere%20furnizare%20apa%2001.04.2019.pdf\" target=\"_blank\" rel=\"noreferrer noopener\">Anunt intrerupere furnizare apa potabila 01.04.2019 (26.03.2019)<\/a><\/li><li><a href=\"https:\/\/www.apavil.ro\/materiale\/anunturi\/2019\/vizitaAMPOIM.pdf\" target=\"_blank\" rel=\"noreferrer noopener\">Reprezentantii AM POIM, in vizita de lucru in judetul Valcea (06.03.2019)<\/a><\/li><li><a href=\"https:\/\/www.apavil.ro\/materiale\/anunturi\/2019\/anunt%20public%20reautorizare%20APM%20Daesti.pdf\" target=\"_blank\" rel=\"noreferrer noopener\">Anunt public privind reautorizarea sistemului de alimentare cu apa din localitatea Daesti (26.02.2019)<\/a><\/li><li><a href=\"https:\/\/www.apavil.ro\/materiale\/anunturi\/2019\/anunt%20public%20reautorizare%20APM%20Mihaesti.pdf\" target=\"_blank\" rel=\"noreferrer noopener\">Anunt public privind reautorizarea sistemului de alimentare cu apa din localitatea Mihaesti (25.02.2019)<\/a><\/li><li><a href=\"https:\/\/www.apavil.ro\/materiale\/anunturi\/2019\/anunt%20public%20incadrare%20mihaesti.pdf\" target=\"_blank\" rel=\"noreferrer noopener\">Anunt public privind decizia etapei de incadrare (Mihaesti) (18.02.2019)<\/a><\/li><li><a href=\"https:\/\/www.apavil.ro\/materiale\/anunturi\/2019\/Anunt%20mediu%20Mihaesti.pdf\" target=\"_blank\" rel=\"noreferrer noopener\">ANUNT PUBLIC privind depunerea solicitarii de emitere a acordului de mediu pentru proiectul \u201cINLOCUIRE RETEA APA POTABILA SI BRANSAMENTE\u201d (21.01.2019)<\/a><\/li><\/ul>\n\n\n\n<p><\/p>\n\n\n\n<p><a href=\"https:\/\/apavil.ro\/materiale\/anunturi\/2018.zip\">Arhiva anunturi 2018<\/a><\/p>\n\n\n\n<p><a href=\"https:\/\/apavil.ro\/materiale\/anunturi\/2018.zip\">Arhiva anunturi 2017<\/a><\/p>\n","protected":false},"excerpt":{"rendered":"<p>Anul 2026 Anun\u021b public privind revizuirea autoriza\u021biei de mediu a autoriza\u021biei de mediu nr. 5 din 18.01.2019 Anun\u0163 public privind revizuirea sistemului de alimentare cu ap\u0103 \u0219i evacuare ape uzate \u00een localitatea Nicolae B\u0103lcescu Anun\u021b public privind decizia etapei de<\/p>\n","protected":false},"author":1,"featured_media":30,"parent":0,"menu_order":0,"comment_status":"closed","ping_status":"closed","template":"","meta":[],"_links":{"self":[{"href":"https:\/\/apavil.ro\/index.php?rest_route=\/wp\/v2\/pages\/942"}],"collection":[{"href":"https:\/\/apavil.ro\/index.php?rest_route=\/wp\/v2\/pages"}],"about":[{"href":"https:\/\/apavil.ro\/index.php?rest_route=\/wp\/v2\/types\/page"}],"author":[{"embeddable":true,"href":"https:\/\/apavil.ro\/index.php?rest_route=\/wp\/v2\/users\/1"}],"replies":[{"embeddable":true,"href":"https:\/\/apavil.ro\/index.php?rest_route=%2Fwp%2Fv2%2Fcomments&post=942"}],"version-history":[{"count":85,"href":"https:\/\/apavil.ro\/index.php?rest_route=\/wp\/v2\/pages\/942\/revisions"}],"predecessor-version":[{"id":8441,"href":"https:\/\/apavil.ro\/index.php?rest_route=\/wp\/v2\/pages\/942\/revisions\/8441"}],"wp:featuredmedia":[{"embeddable":true,"href":"https:\/\/apavil.ro\/index.php?rest_route=\/wp\/v2\/media\/30"}],"wp:attachment":[{"href":"https:\/\/apavil.ro\/index.php?rest_route=%2Fwp%2Fv2%2Fmedia&parent=942"}],"curies":[{"name":"wp","href":"https:\/\/api.w.org\/{rel}","templated":true}]}}