{"id":6931,"date":"2024-07-01T08:03:25","date_gmt":"2024-07-01T06:03:25","guid":{"rendered":"https:\/\/apavil.ro\/?page_id=6931"},"modified":"2025-06-23T07:05:10","modified_gmt":"2025-06-23T05:05:10","slug":"pdd-2021-2027","status":"publish","type":"page","link":"https:\/\/apavil.ro\/?page_id=6931","title":{"rendered":"Proiect Nemajor pentru Realizarea  ratei de conectare de 100% \u00een R\u00e2mnicu V\u00e2lcea, Ocnele Mari, Dr\u0103g\u0103\u0219ani,  C\u0103lim\u0103ne\u0219ti, B\u0103beni \u0219i B\u0103ile Ol\u0103ne\u0219ti \u2013 etapa II\u201c cod SMIS 2021+ 318852"},"content":{"rendered":"\n<style>\n.wp-block-post-template{\nlist-style:none!important\n}\n#content .post {\npadding-bottom:0px;\n}\n.wp-block-separator{\nmargin: 1px 0;\n}\n<\/style>\n<table style=\"border:none;\"><tbody><tr><td class=\"has-text-align-center\" data-align=\"center\" style=\"border:0;width:400px;\"><img style=\"height: 100;\" src=\"https:\/\/apavil.ro\/materiale\/pdd\/pdd.png\"><\/td><td class=\"has-text-align-right\" data-align=\"right\" style=\"border:0; width:400px;\"><img style=\"height: 100px;\" src=\"https:\/\/apavil.ro\/materiale\/images\/sigla_guv_coroana_albastru.png\"><\/td><\/tr><\/tbody><\/table>\n<p><br><\/p>\n<p class=\"has-text-align-left\" style=\"padding: 0 0 0 35px;\"><a href=\"https:\/\/apavil.ro\/?p=7715\"><h3  class=\"has-text-align-left\" style=\"padding: 0 0 0 35px;\">Descriere Proiect<\/h4><\/a><\/p> \n\n<p><br><\/p>\n\n\n\n<div class=\"wp-container-10 wp-block-query\"><ul class=\"wp-container-9 aligncenter wp-block-post-template\"><li class=\"wp-block-post post-7835 post type-post status-publish format-standard hentry category-pdd-nemajor\">\n\n<div class=\"wp-container-2 wp-container-1 wp-block-group\"><div class=\"wp-block-group__inner-container\"><h5 class=\"wp-block-post-title\"><a href=\"https:\/\/apavil.ro\/?p=7835\" target=\"_self\" rel=\"\">APAVIL SA a semnat Contractul de execu\u021bie lucr\u0103ri \u201cRealizarea ratei de conectare de 100% \u00een Ol\u0103ne\u0219ti\u201d &#8211; rest de executat (CL15)<\/a><\/h5><\/div><\/div>\n\n\n\n<hr class=\"wp-block-separator\"\/>\n\n<\/li><li class=\"wp-block-post post-7171 post type-post status-publish format-standard hentry category-pdd-2021-2027 category-pdd-nemajor\">\n\n<div class=\"wp-container-4 wp-container-3 wp-block-group\"><div class=\"wp-block-group__inner-container\"><h5 class=\"wp-block-post-title\"><a href=\"https:\/\/apavil.ro\/?p=7171\" target=\"_self\" rel=\"\">APAVIL S.A. a semnat Contractul de finan\u021bare pentru proiectul: \u201cProiect Nemajor pentru Realizarea ratei de conectare de 100% \u00een R\u00e2mnicu V\u00e2lcea, Ocnele Mari, Dr\u0103g\u0103\u0219ani, C\u0103lim\u0103ne\u0219ti, B\u0103beni \u0219i B\u0103ile Ol\u0103ne\u0219ti &#8211; etapa II\u201c cod SMIS 2021+ 318852<\/a><\/h5><\/div><\/div>\n\n\n\n<hr class=\"wp-block-separator\"\/>\n\n<\/li><li class=\"wp-block-post post-6939 post type-post status-publish format-standard hentry category-pdd-2021-2027 category-pdd-nemajor\">\n\n<div class=\"wp-container-6 wp-container-5 wp-block-group\"><div class=\"wp-block-group__inner-container\"><h5 class=\"wp-block-post-title\"><a href=\"https:\/\/apavil.ro\/?p=6939\" target=\"_self\" rel=\"\">Lucr\u0103ri \u00een derulare \u00een urma semn\u0103rii Contractului de execu\u021bie lucr\u0103ri \u201cRealizarea ratei de conectare de 100% \u00een R\u00e2mnicu V\u00e2lcea \u0219i Ocnele Mari\u201d- Rest de executat (CL12)<\/a><\/h5><\/div><\/div>\n\n\n\n<hr class=\"wp-block-separator\"\/>\n\n<\/li><li class=\"wp-block-post post-6936 post type-post status-publish format-standard hentry category-pdd-2021-2027 category-pdd-nemajor\">\n\n<div class=\"wp-container-8 wp-container-7 wp-block-group\"><div class=\"wp-block-group__inner-container\"><h5 class=\"wp-block-post-title\"><a href=\"https:\/\/apavil.ro\/?p=6936\" target=\"_self\" rel=\"\">A fost semnat Contractul de servicii &#8211; Informare \u0219i publicitate \u00een cadrul Proiectului \u201cProiect Nemajor pentru Realizarea ratei de conectare de 100% \u00een R\u00e2mnicu V\u00e2lcea, Ocnele Mari, Dr\u0103g\u0103\u0219ani, C\u0103lim\u0103ne\u0219ti, B\u0103beni \u0219i B\u0103ile Ol\u0103ne\u0219ti\u201c &#8211; Etapa I POIM \u0219i Etapa II PDD<\/a><\/h5><\/div><\/div>\n\n\n\n<hr class=\"wp-block-separator\"\/>\n\n<\/li><\/ul><\/div>\n\n\n\n<p class=\"has-text-align-left\" style=\"padding: 0 0 0 35px;\"><a href=\"https:\/\/apavil.ro\/?p=7722\"><h3  class=\"has-text-align-left\" style=\"padding: 0 0 0 35px;\">Portofoliu Imagini<\/h3><\/a><\/p> \n<p><br><\/p>\n\n\n\n\n<p><br><\/p>\n<p><br><\/p>\n<p><h3 class=\"has-text-align-left\" style=\"padding: 0 0 0 35px;\">Documente: <\/h3><\/p>\n<div style=\"padding-left:50px\">\n<link rel=\"stylesheet\" href=\"https:\/\/cdnjs.cloudflare.com\/ajax\/libs\/font-awesome\/4.7.0\/css\/font-awesome.min.css\">\n<p>\n<a href=\"https:\/\/apavil.ro\/materiale\/pdd\/Comunicat semnare PDD P Nemajor RPC IT.pdf\">\n<i aria-hidden=\"true\" class=\"far fa-file-pdf\" style=\"font-size:48px;color:red\"><\/i>\n<span class=\"elementor-icon-list-text\">APAVIL S.A. a semnat Contractul de finan\u021bare pentru proiectul: \u201cProiect Nemajor pentru Realizarea ratei de conectare de 100% \u00een R\u00e2mnicu V\u00e2lcea, Ocnele Mari, Dr\u0103g\u0103\u0219ani, C\u0103lim\u0103ne\u0219ti, B\u0103beni \u0219i B\u0103ile Ol\u0103ne\u0219ti &#8211; etapa II\u201c cod SMIS 2021+ 318852<\/span>\n<\/a>\n<\/p>\n<p>\n<a href=\"https:\/\/apavil.ro\/materiale\/pdd\/Comunicat semnare CS08.pdf\">\n<i aria-hidden=\"true\" class=\"far fa-file-pdf\" style=\"font-size:48px;color:red\"><\/i>\n<span class=\"elementor-icon-list-text\">A fost semnat Contractul de servicii &#8211; Informare \u0219i publicitate \u00een cadrul Proiectului \u201cProiect Nemajor pentru Realizarea ratei de conectare de 100% \u00een R\u00e2mnicu V\u00e2lcea, Ocnele Mari, Dr\u0103g\u0103\u0219ani, C\u0103lim\u0103ne\u0219ti, B\u0103beni \u0219i B\u0103ile Ol\u0103ne\u0219ti\u201c &#8211; Etapa I POIM \u0219i Etapa II PDD<\/span>\n<\/a>\n<\/p>\n<p>\n<a href=\"https:\/\/apavil.ro\/materiale\/pdd\/Comunicat CL12 REST.pdf\">\n<i aria-hidden=\"true\" class=\"far fa-file-pdf\" style=\"font-size:48px;color:red\"><\/i><span class=\"elementor-icon-list-text\">Lucr\u0103ri \u00een derulare \u00een urma semn\u0103rii Contractului de execu\u021bie lucr\u0103ri \n\u201cRealizarea ratei de conectare de 100% \u00een R\u00e2mnicu V\u00e2lcea \u0219i Ocnele Mari\u201d- Rest de executat (CL12)<\/span>\n<\/a>\n<\/p>\n<p>\n<a href=\"https:\/\/apavil.ro\/materiale\/pdd\/Comunicat CL15 REST.pdf\">\n<i aria-hidden=\"true\" class=\"far fa-file-pdf\" style=\"font-size:48px;color:red\"><\/i><span class=\"elementor-icon-list-text\">APAVIL SA a semnat Contractul de execu\u021bie lucr\u0103ri \u201cRealizarea ratei de conectare de 100% \u00een Ol\u0103ne\u0219ti\u201d &#8211; rest de executat (CL15)<\/span>\n<\/a>\n<\/p>\n<\/div>\n\n\n\n<div style=\"width:100%; text-align:center;\">\n<p><br><\/p>\n<p><br><\/p>\n<p><br><\/p>\n<p><br><\/p>\n<p><br><\/p>\n<p><br><\/p>\n<p><br><\/p>\n<p><br><\/p>\n<img loading=\"lazy\" src=\"https:\/\/apavil.ro\/wp-content\/uploads\/2025\/03\/cropped-apavil-logo.jpg\" alt=\"\" width=\"75\" height=\"75\"><\/div>\n<div style=\"width:100%; text-align:center;\">\n<p class=\"has-text-align-center\">Con\u021binutul acestui material nu reprezint\u0103 \u00een mod obligatoriu pozi\u021bia oficial\u0103 a Uniunii Europene sau a Guvernului Rom\u00e2niei<\/p>\n\n<p class=\"has-text-align-center\"> Pentru informa\u021bii detaliate despre celelalte programe cofinan\u021bate de Uniunea European\u0103, <br>v\u0103 invit\u0103m s\u0103 vizita\u021bi: <a href=\"https:\/\/mfe.gov.ro\/\">https:\/\/mfe.gov.ro\/<\/a><\/p> \n<\/div>\n","protected":false},"excerpt":{"rendered":"<p>Descriere Proiect Portofoliu Imagini Documente: APAVIL S.A. a semnat Contractul de finan\u021bare pentru proiectul: \u201cProiect Nemajor pentru Realizarea ratei de conectare de 100% \u00een R\u00e2mnicu V\u00e2lcea, Ocnele Mari, Dr\u0103g\u0103\u0219ani, C\u0103lim\u0103ne\u0219ti, B\u0103beni \u0219i B\u0103ile Ol\u0103ne\u0219ti &#8211; etapa II\u201c cod SMIS 2021+<\/p>\n","protected":false},"author":1,"featured_media":0,"parent":0,"menu_order":0,"comment_status":"closed","ping_status":"closed","template":"","meta":[],"_links":{"self":[{"href":"https:\/\/apavil.ro\/index.php?rest_route=\/wp\/v2\/pages\/6931"}],"collection":[{"href":"https:\/\/apavil.ro\/index.php?rest_route=\/wp\/v2\/pages"}],"about":[{"href":"https:\/\/apavil.ro\/index.php?rest_route=\/wp\/v2\/types\/page"}],"author":[{"embeddable":true,"href":"https:\/\/apavil.ro\/index.php?rest_route=\/wp\/v2\/users\/1"}],"replies":[{"embeddable":true,"href":"https:\/\/apavil.ro\/index.php?rest_route=%2Fwp%2Fv2%2Fcomments&post=6931"}],"version-history":[{"count":46,"href":"https:\/\/apavil.ro\/index.php?rest_route=\/wp\/v2\/pages\/6931\/revisions"}],"predecessor-version":[{"id":8087,"href":"https:\/\/apavil.ro\/index.php?rest_route=\/wp\/v2\/pages\/6931\/revisions\/8087"}],"wp:attachment":[{"href":"https:\/\/apavil.ro\/index.php?rest_route=%2Fwp%2Fv2%2Fmedia&parent=6931"}],"curies":[{"name":"wp","href":"https:\/\/api.w.org\/{rel}","templated":true}]}}