{"id":657,"date":"2019-10-01T11:05:26","date_gmt":"2019-10-01T11:05:26","guid":{"rendered":"https:\/\/web3.apavil.ro\/?page_id=657"},"modified":"2019-10-01T11:05:26","modified_gmt":"2019-10-01T11:05:26","slug":"transparenta-si-guvernanta-corporativa","status":"publish","type":"page","link":"https:\/\/apavil.ro\/?page_id=657","title":{"rendered":"Transparen\u0163\u0103 \u0219i guvernan\u0163\u0103 corporativ\u0103"},"content":{"rendered":"","protected":false},"excerpt":{"rendered":"","protected":false},"author":1,"featured_media":0,"parent":0,"menu_order":0,"comment_status":"closed","ping_status":"closed","template":"","meta":[],"_links":{"self":[{"href":"https:\/\/apavil.ro\/index.php?rest_route=\/wp\/v2\/pages\/657"}],"collection":[{"href":"https:\/\/apavil.ro\/index.php?rest_route=\/wp\/v2\/pages"}],"about":[{"href":"https:\/\/apavil.ro\/index.php?rest_route=\/wp\/v2\/types\/page"}],"author":[{"embeddable":true,"href":"https:\/\/apavil.ro\/index.php?rest_route=\/wp\/v2\/users\/1"}],"replies":[{"embeddable":true,"href":"https:\/\/apavil.ro\/index.php?rest_route=%2Fwp%2Fv2%2Fcomments&post=657"}],"version-history":[{"count":1,"href":"https:\/\/apavil.ro\/index.php?rest_route=\/wp\/v2\/pages\/657\/revisions"}],"predecessor-version":[{"id":678,"href":"https:\/\/apavil.ro\/index.php?rest_route=\/wp\/v2\/pages\/657\/revisions\/678"}],"wp:attachment":[{"href":"https:\/\/apavil.ro\/index.php?rest_route=%2Fwp%2Fv2%2Fmedia&parent=657"}],"curies":[{"name":"wp","href":"https:\/\/api.w.org\/{rel}","templated":true}]}}