{"id":6556,"date":"2023-12-28T10:43:09","date_gmt":"2023-12-28T08:43:09","guid":{"rendered":"https:\/\/apavil.ro\/?page_id=6556"},"modified":"2025-06-23T08:44:16","modified_gmt":"2025-06-23T06:44:16","slug":"poim-2014-2020-2","status":"publish","type":"page","link":"https:\/\/apavil.ro\/?page_id=6556","title":{"rendered":"POIM 2014-2020"},"content":{"rendered":"\n<p><\/p>\n\n\n\n<figure class=\"wp-block-table alignwide is-style-regular\"><table><tbody><tr><td class=\"has-text-align-center\" data-align=\"center\"><img style=\"width: 100px;\" src=\"https:\/\/apavil.ro\/materiale\/images\/logo%20UE.png\" alt=\"This image has an empty alt attribute; its file name is logo%20UE.png\"><\/td><td class=\"has-text-align-center\" data-align=\"center\"><img style=\"width: 100px;\" src=\"https:\/\/apavil.ro\/materiale\/images\/sigla_guv_coroana_albastru.png\" alt=\"This image has an empty alt attribute; its file name is sigla_guv_coroana_albastru.png\"><\/td><td class=\"has-text-align-center\" data-align=\"center\"><img style=\"width: 100px;\" src=\"https:\/\/apavil.ro\/materiale\/images\/logo%20IS-2014-2020.png\" alt=\"This image has an empty alt attribute; its file name is logo%20IS-2014-2020.png\"><\/td><\/tr><\/tbody><\/table><\/figure>\n\n\n\n<ul><li><a href=\"https:\/\/apavil.ro\/?p=7901\" target=\"_self\" rel=\"noopener\">APAVIL S.A. a finalizat procedura de recep\u021bie la terminarea lucr\u0103rilor pentru Contractul CF 2 &#8211; LOT 2 \u201cFURNIZARE GRUPURI ENERGETICE PENTRU MICROHIDROCENTRALA VALEA LUI STAN, ORA\u0218 BREZOI, V\u00c2LCEA\u201d\u201d<\/a><\/li><\/ul> <ul><li><a href=\"https:\/\/apavil.ro\/?p=7012\" target=\"_self\" rel=\"noopener\">APAVIL S.A. a finalizat procedura de recep\u021bie la terminarea lucr\u0103rilor pentru Contractul CF 2 \u2013 LOT 1 \u201cFurnizare sisteme fotovoltaice de producere a energiei electrice, inclusiv proiectarea, asisten\u021ba tehnic\u0103 \u0219i montarea acestora, pentru \u0219ase sta\u021bii de epurare a apei\u201d<\/a><\/li><\/ul><ul><li><a href=\"https:\/\/apavil.ro\/?p=6663\">A fost semnat Contractul de finan\u021bare pentru \u201cProiectul Nemajor pentru Realizarea ratei de conectare de 100% \u00een R\u00e2mnicu V\u00e2lcea, Ocnele Mari, Dr\u0103g\u0103\u0219ani, C\u0103lim\u0103ne\u0219ti, B\u0103beni \u0219i B\u0103ile Ol\u0103ne\u0219ti\u201c<\/a><a href=\"https:\/\/apavil.ro\/wp-admin\/post.php?post=6663&amp;action=edit\">\u2013 cod SMIS 2014+ 161869<\/a><ul><li><a href=\"https:\/\/apavil.ro\/?p=6450\">Semnare Contract de execu\u021bie lucr\u0103ri \u201cRealizarea ratei de conectare de 100% \u00een R\u00e2mnicu V\u00e2lcea \u0219i Ocnele Mari\u201d \u2013 rest de executat (CL12)<\/a><\/li><\/ul><\/li><li><a href=\"https:\/\/apavil.ro\/?p=5864\">A fost semnat Contractul de finan\u021bare pentru Proiectul \u201cInvesti\u021bii \u00een cre\u0219terea eficien\u021bei energetice prin instalarea de sisteme fotovoltaice la \u0219ase sta\u021bii de epurare a apei, precum \u0219i reabilitarea grupului energetic al microhidrocentralei proprii, \u00een vederea producerii de energie verde pentru consumul propriu\u201c<\/a><ul><li><a href=\"https:\/\/apavil.ro\/?p=6580\">Descrierea proiectului<\/a><\/li><ul><li><a href=\"https:\/\/apavil.ro\/?p=8091\" target=\"_self\" rel=\"noopener\">Fotografii proiect<\/a><\/li><\/ul><li><a href=\"https:\/\/apavil.ro\/?p=6427\">A fost semnat Contractul CF 2 LOT 1 \u201cFurnizare sisteme fotovoltaice de producere a energiei electrice, inclusiv proiectarea, asisten\u021ba tehnic\u0103 \u0219i montarea acestora, pentru \u0219ase sta\u021bii de epurare a apei\u201d<\/a><\/li><li><a href=\"https:\/\/apavil.ro\/?p=6424\">A fost semnat Contractul de achizi\u021bie de produse CF 2 \u201cProiectare inginerie, achizi\u021bie \u0219i montaj de echipamente producere energie verde\u201d<\/a> <a href=\"https:\/\/apavil.ro\/?p=6424\">LOT 2 \u201cFURNIZARE GRUPURI ENERGETICE PENTRU MICROHIDROCENTRALA VALEA LUI STAN, ORA\u0218 BREZOI, V\u00c2LCEA\u201d<\/a><\/li><li><a href=\"https:\/\/apavil.ro\/?p=6624\">A fost semnat Contractul de servicii &#8211; Informare \u0219i publicitate \u00een cadrul Proiectului\u201cInvesti\u021bii \u00een cre\u0219terea eficien\u021bei energetice prin instalarea de sisteme fotovoltaice la \u0219ase sta\u021bii de epurare a apei, precum \u0219i reabilitarea grupului energetic al microhidrocentralei proprii, \u00een vederea producerii de energie verde pentru consumul propriu\u201c &#8211; Cod SMIS 2014+ 158566<\/a><\/li><li><a href=\"https:\/\/apavil.ro\/?p=6626\">A fost semnat Contractul de servicii &#8211; Audit financiar \u00een cadrul Proiectului\u201cInvesti\u021bii \u00een cre\u0219terea eficien\u021bei energetice prin instalarea de sisteme fotovoltaice la \u0219ase sta\u021bii de epurare a apei, precum \u0219i reabilitarea grupului energetic al microhidrocentralei proprii, \u00een vederea producerii de energie verde pentru consumul propriu\u201c &#8211; Cod SMIS 2014+ 158566<\/a><\/li><\/ul><\/li><li><a href=\"https:\/\/apavil.ro\/?p=4921\">FINALIZARE PROIECT \u201eFazarea proiectului Extinderea \u0219i reabilitarea infrastructurii de ap\u0103 \u0219i ap\u0103 uzat\u0103 \u00een jude\u021bul V\u00e2lcea\u201d, cod SMIS 2014 +106204<\/a><\/li><li><a href=\"https:\/\/apavil.ro\/?p=4852\">\u0218EDIN\u021aA DE DESCHIDERE \u2013 \u201eProiectul Regional de Dezvoltare a Infrastructurii de Ap\u0103 si Ap\u0103 Uzat\u0103 \u00een jude\u021bul V\u00e2lcea\u201d<\/a><\/li><li><a href=\"https:\/\/apavil.ro\/?p=4793\">A fost semnat Contractul de finan\u021bare pentru \u201eProiectul Regional de Dezvoltare a Infrastructurii de Ap\u0103 si Ap\u0103 Uzat\u0103 \u00een jude\u021bul V\u00e2lcea<\/a><\/li><li><a href=\"https:\/\/apavil.ro\/?p=2423\">A fost efectuat\u0103 recep\u021bia la terminarea lucr\u0103rilor pentru Contractul de lucr\u0103ri \u201e Extinderea \u0219i reabilitarea infrastructurii de ap\u0103 \u0219i ap\u0103 uzat\u0103 \u00een Dr\u0103g\u0103\u0219ani \u201d<\/a><\/li><li><a href=\"https:\/\/apavil.ro\/?p=2420\">A fost efectuat\u0103 recep\u021bia la terminarea lucr\u0103rilor pentru Contractul de lucr\u0103ri \u201e Extinderea \u0219i reabilitarea infrastructurii de ap\u0103 \u0219i ap\u0103 uzat\u0103 \u00een B\u0103lce\u0219ti \u201d<\/a><\/li><li><a href=\"https:\/\/apavil.ro\/?p=2097\">Apavil SA a finalizat procedura de recep\u021bie la terminarea lucr\u0103rilor pentru Contractul \u201c CL3 \u2013 Extindere Sta\u021bie de epurare \u00een Dr\u0103g\u0103\u0219ani \u0219i B\u0103lce\u0219ti\u201c<\/a><\/li><li><a href=\"https:\/\/apavil.ro\/?p=1812\">Sprijin pentru preg\u0103tirea aplica\u021biei de finan\u021bare \u0219i a documenta\u021biilor de atribuire pentru proiectul regional de dezvoltare a infrastructurii de ap\u0103 \u015fi ap\u0103 uzat\u0103 din jude\u0163ul V\u00e2lcea, \u00een perioada 2014-2020<\/a><\/li><\/ul>\n\n\n\n<p class=\"has-text-align-center\">Proiect cofinan\u0163at din Fondul de Coeziune, prin Programul Opera\u0163ional Infrastructura Mare<\/p>\n\n\n\n<p class=\"has-text-align-center\">Pentru informa\u021bii detaliate despre celelate programe cofinan\u021bate de Uniunea European\u0103, v\u0103 invit\u0103m s\u0103 vizita\u021bi<\/p>\n\n\n\n<p class=\"has-text-align-center\"> <a href=\"https:\/\/www.fonduri-ue.ro\/\">www.fonduri-ue.ro<\/a><\/p>\n\n\n\n<p class=\"has-text-align-center\">Con\u0163inutul acestui material nu reprezint\u0103 \u00een mod obligatoriu pozi\u0163ia oficial\u0103 a Uniunii Europene sau a Guvernului Rom\u00e2niei<\/p>\n","protected":false},"excerpt":{"rendered":"<p>APAVIL S.A. a finalizat procedura de recep\u021bie la terminarea lucr\u0103rilor pentru Contractul CF 2 &#8211; LOT 2 \u201cFURNIZARE GRUPURI ENERGETICE PENTRU MICROHIDROCENTRALA VALEA LUI STAN, ORA\u0218 BREZOI, V\u00c2LCEA\u201d\u201d APAVIL S.A. a finalizat procedura de recep\u021bie la terminarea lucr\u0103rilor pentru Contractul<\/p>\n","protected":false},"author":1,"featured_media":0,"parent":0,"menu_order":0,"comment_status":"closed","ping_status":"closed","template":"","meta":[],"_links":{"self":[{"href":"https:\/\/apavil.ro\/index.php?rest_route=\/wp\/v2\/pages\/6556"}],"collection":[{"href":"https:\/\/apavil.ro\/index.php?rest_route=\/wp\/v2\/pages"}],"about":[{"href":"https:\/\/apavil.ro\/index.php?rest_route=\/wp\/v2\/types\/page"}],"author":[{"embeddable":true,"href":"https:\/\/apavil.ro\/index.php?rest_route=\/wp\/v2\/users\/1"}],"replies":[{"embeddable":true,"href":"https:\/\/apavil.ro\/index.php?rest_route=%2Fwp%2Fv2%2Fcomments&post=6556"}],"version-history":[{"count":28,"href":"https:\/\/apavil.ro\/index.php?rest_route=\/wp\/v2\/pages\/6556\/revisions"}],"predecessor-version":[{"id":8095,"href":"https:\/\/apavil.ro\/index.php?rest_route=\/wp\/v2\/pages\/6556\/revisions\/8095"}],"wp:attachment":[{"href":"https:\/\/apavil.ro\/index.php?rest_route=%2Fwp%2Fv2%2Fmedia&parent=6556"}],"curies":[{"name":"wp","href":"https:\/\/api.w.org\/{rel}","templated":true}]}}