{"id":655,"date":"2019-10-01T11:05:25","date_gmt":"2019-10-01T11:05:25","guid":{"rendered":"https:\/\/web3.apavil.ro\/?page_id=655"},"modified":"2026-03-20T07:31:41","modified_gmt":"2026-03-20T05:31:41","slug":"organizare","status":"publish","type":"page","link":"https:\/\/apavil.ro\/?page_id=655","title":{"rendered":"Organizare"},"content":{"rendered":"\n<p class=\"has-very-light-gray-color has-text-color has-background\" style=\"background-color:#154f99\"><strong>STRUCTURA OFICIALA A COMPANIEI<\/strong><\/p>\n\n\n\n<ul><li><strong>APAVIL S.A. <\/strong>&nbsp;este societate pe actiuni, cu capital integral de stat, toate actiunile fiind detinute de unitatile administrativ teritoriale, membre ale&nbsp;Asociatiei de Dezvoltare Intracomunitara APA&nbsp;Valcea.<\/li><li>Obiectul de activitate al Societatii va fi operarea serviciului de alimentare cu apa si de canalizare a carui gestiune ii este delegata &#8220;Serviciile&#8221;, conform Contractului de Delegare, in aria delegarii respectivului contract, precum si realizarea programelor de investitii locale si judetene in domeniul alimentarii cu apa si al canalizarii.<\/li><li>Societatea isi desfasoara activitatea exclusiv pentru Autoritatile Locale care i-au delegat, prin Asociatie, gestiunea serviciului de alimentare cu apa si canalizare.<\/li><\/ul>\n\n\n\n<p class=\"has-very-light-gray-color has-text-color has-background\" style=\"background-color:#154f99\"><strong>ACTIVITATE<\/strong><\/p>\n\n\n\n<ul><li><strong>DOMENIUL PRINCIPAL DE ACTIVITATE<\/strong>&nbsp;&#8211;&nbsp;<em>Cod CAEN 360<\/em>&nbsp;Captarea, tratarea si distributia apei.<\/li><\/ul>\n\n\n\n<ul><li><strong>ACTIVITATEA PRINCIPALA<\/strong>&nbsp;&#8211;&nbsp;<em>Cod CAEN 3600<\/em>&nbsp;Captarea, tratarea si distributia apei.<\/li><\/ul>\n\n\n\n<p class=\"has-very-light-gray-color has-text-color has-background\" style=\"background-color:#154f99\"><strong>ORGANELE DE CONDUCERE ALE SOCIETATII<\/strong><\/p>\n\n\n\n<ul><li>AGA &#8211; Asociatia Generala a Actionarilor<\/li><li>Consiliul de Administratie<\/li><li>Directorul general<\/li><li>Directorul tehnic-exploatare<\/li><li>Directorul comercial<\/li><li>Directorul economic<\/li><\/ul>\n\n\n\n<ul><li>Societatea este administrata de Consiliul de Administratie format dintr-un numar de cinci adminstratori, dintre care trei desemnati de catre Consiliul Local al Municipiului Rm. Valcea si doi de catre Consiliul Judetean Valcea.<\/li><li>Adunarea generala a actionarilor este formata din reprezentantii alesi ai Consiliului Judetean Valcea si Consiliului Local al Municipiului Rm.V\u00e2lcea \u00een calitate de actionari majoritari ai societatii si nu pot fi schimbati dec\u00e2t de acestea.<\/li><li>Adunarea Generala a Actionarilor constituita din reprezentanti ai actionarilor este organul de conducere al societatii comerciale care decide asupra activitatii acesteia si asupra politicii ei economice \u00een conditiile si \u00een limitele stabilite.<\/li><li>Societatea este administrata \u00een sistemul unitar prevazut de Legea nr.31\/1990, a societatilor comerciale cu modificarile ulterioare.<\/li><li>Componenta consiliului de administratie este desemnata de catre adunarea generala ordinara a actionarilor. Consiliul de administratie este condus de Presedinte.<\/li><li>Sediul social al societatii este in Ramnicu Valcea, Str. Carol I nr. 3-5.<\/li><\/ul>\n\n\n\n<p class=\"has-very-light-gray-color has-text-color has-background\" style=\"background-color:#154f99\"><strong>CONSILIUL DE ADMINISTRATIE<\/strong><\/p>\n\n\n\n<ul><li>ELENA-DANIELA CIOBANU (<a rel=\"noreferrer noopener\" href=\"https:\/\/apavil.ro\/materiale\/cv\/2023\/CV_Daniela_Ciobanu.pdf\" target=\"_blank\">Vizualizare CV<\/a>) Mandat: 21.06.2023 &#8211; 30.04.2025<\/li><li>IOAN HREBENCIUC (<a href=\"https:\/\/apavil.ro\/materiale\/cv\/2023\/CV_Hrebenciuc_Ioan.pdf\">Vizualizare CV<\/a>) Mandat: 21.06.2023 &#8211; 20.06.2027<\/li>\n<!-- <li>DRAGO\u0218I CONSTANTINESCU (<a href=\"https:\/\/apavil.ro\/materiale\/cv\/2023\/CV_Constantinescu_Dragosi.pdf\">Vizualizare CV<\/a>) Mandat: 21.06.2023 - 20.06.2027<\/li>\n-->\n<li>ELENA SIMONA PREDESCU (<a rel=\"noreferrer noopener\" href=\"https:\/\/apavil.ro\/materiale\/cv\/2023\/CV_Predescu_Elena_Simona.pdf\" target=\"_blank\">Vizualizare CV<\/a>) Mandat: 21.06.2023 &#8211; 20.06.2027<\/li><li>MIHAI GHEORGHE DUTU (<a href=\"https:\/\/apavil.ro\/materiale\/cv\/2023\/CV_Dutu.pdf\">Vizualizare CV<\/a>) Mandat: 21.06.2023 &#8211; 20.06.2027<\/li><li>MARIUS-IULIAN VOICU &#8211; Administrator provizoriu(<a rel=\"noreferrer noopener\" href=\"https:\/\/apavil.ro\/materiale\/cv\/CV Av Iulian Voicu.pdf\" target=\"_blank\">Vizualizare CV<\/a>) Mandat: 25.06.2025-24.11.2025<\/li><\/ul>\n\n\n\n<p class=\"has-very-light-gray-color has-text-color has-background\" style=\"background-color:#154f99\"><strong style=\"color:white; text-decoration: none;\">Regulament de organizare si functionare a Consiliului de Administratie al societatii APAVIL S.A.<\/strong><\/p>\n\n\n\n<ul><li>\n<a href=\"https:\/\/apavil.ro\/materiale\/ROF CA 2023.pdf\" target=\"_blank\" rel=\"noopener\">Regulament de organizare si functionare a Consiliului de Administratie al societatii APAVIL S.A. din 11.09.2023<\/a>\n<\/li>\n<li>\n<a href=\"https:\/\/apavil.ro\/materiale\/Regulament%20CA%20apr_dec07.17.01.2019.pdf\" target=\"_blank\" rel=\"noopener\">Regulament de organizare si functionare a Consiliului de Administratie al societatii APAVIL S.A. din 17.01.2019<\/a>\n<\/li><\/ul>\n\n\n\n<p class=\"has-very-light-gray-color has-text-color has-background\" style=\"background-color:#154f99\"><strong>Codul Etic al Consiliului de Administratie<\/strong><\/p>\n\n\n\n<ul><li><a href=\"https:\/\/apavil.ro\/materiale\/Codul etic al C.A._sept. 2023.pdf\">Codul etic al Consiliului de administratie din 11.09.2023<\/a><\/li><li><a href=\"https:\/\/apavil.ro\/materiale\/COD%20ETIC%20CA.pdf\">Codul etic al Consiliului de administratie din 14.03.2019<\/a><\/li><\/ul>\n\n\n\n<p class=\"has-very-light-gray-color has-text-color has-background\" style=\"background-color:#154f99\"><a style=\"color:white; text-decoration: none;\" rel=\"noreferrer noopener\" href=\"https:\/\/apavil.ro\/materiale\/Plan de administrare pentru perioada 2023-2027.pdf\" target=\"_blank\"><strong style=\"color:white; text-decoration: none;\">Plan de administrare 2023-2027<\/strong><\/a><\/p>\n\n\n\n<p class=\"has-very-light-gray-color has-text-color has-background\" style=\"background-color:#154f99\"><a style=\"color:white; text-decoration: none;\" rel=\"noreferrer noopener\" href=\"https:\/\/apavil.ro\/materiale\/Plan%20administrare%20CA.pdf\" target=\"_blank\"><strong style=\"color:white; text-decoration: none;\">Plan de administrare 2018-2022<\/strong><\/a><\/p>\n\n\n\n<p class=\"has-very-light-gray-color has-text-color has-background\" style=\"background-color:#154f99\"><strong>ECHIPA MANAGERIALA<\/strong><\/p>\n\n\n\n<p><strong>DIRECTOR GENERAL&nbsp;&#8211; dr.&nbsp;ing. Ion Florescu<\/strong><\/p>\n\n\n\n<p>Mandat 1 decembrie 2022 &#8211; 30 noiembrie 2026<\/p>\n\n\n\n<p><a href=\"https:\/\/apavil.ro\/materiale\/cv\/CV_Ionut Florescu.pdf\">Vizualizare CV<\/a><\/p>\n\n\n\n<p><a href=\"https:\/\/apavil.ro\/materiale\/Decizia63.pdf\" data-type=\"URL\" data-id=\"https:\/\/apavil.ro\/materiale\/Decizia63.pdf\">Decizia CA nr. 63 din 28.11.2022 privind numirea Directorului General la Societatea Apavil S.A.<\/a><\/p>\n\n\n\n<p>Decizia CA nr. 40 din 31.08.2020 de numire a Directorului General Provizoriu la Societatea Apavil SA<\/p>\n\n\n\n<p>Decizia CA nr. 52 din 11.12.2020 privind numirea Directorului General la Societatea Apavil S.A.<\/p>\n\n\n\n<p><a href=\"https:\/\/apavil.ro\/materiale\/Decizia CA 18_14.04.2022.pdf\" data-type=\"URL\" data-id=\"https:\/\/apavil.ro\/materiale\/Decizia CA 18_14.04.2022.pdf\">Decizia CA nr. 18 din 14.04.2022 de numire a Directorului General Provizoriu la Societatea Apavil SA<\/a><\/p>\n\n\n\n<p><\/p>\n\n\n\n<p><\/br><\/p>\n\n\n\n<p><\/p>\n\n\n\n<p><strong>DIRECTOR TEHNIC-EXPLOATARE&nbsp;provizoriu <strong>&#8211;&nbsp;<\/strong>ing. Aurelian Nicu\u0219or Petric<strong>\u0103<\/strong><\/strong><\/p>\n\n\n\n<p>Mandat 1 ianuarie 2026 -\u2060<\/p>\n\n\n\n<p><a href=\"https:\/\/apavil.ro\/materiale\/cv\/CV_petrica_aurelian.pdf\">Vizualizare CV<\/a><\/p>\n\n\n\n<p><a href=\"https:\/\/apavil.ro\/materiale\/transparenta\/Decizia%20CA%20112_30.12.202%20numire%20DTE%20provizoriu.pdf\">Decizia C.A. nr. 112 din 30.12.2025 privind numirea Directorului tehnic-exploatare provizoriu<\/a><\/p>\n\n\n\n<p><\/p>\n\n\n\n<p><\/p>\n\n\n\n<p><\/br><\/p>\n\n\n\n<p><strong><strong>DIRECTOR COMERCIAL<\/strong>&nbsp;provizoriu <strong>&#8211;&nbsp;<\/strong>Ec. Nechitescu Cristina Elena<\/strong><\/p>\n\n\n\n<p>Mandat 1 martie 2026 -\u2060<\/p>\n\n\n\n<p><a href=\"https:\/\/apavil.ro\/materiale\/cv\/cv__nechitescu.pdf\">Vizualizare CV<\/a><\/p>\n\n\n\n<p><a href=\"https:\/\/apavil.ro\/materiale\/transparenta\/Decizia CA 17_26.02.2026 numire DC provizoiru.pdf\">Decizia CA nr. 17 din 26.02.2026 de numire a Directorului Comercial Provizoriu la Societatea Apavil SA<\/a><\/p>\n\n\n\n<p><\/br><\/p>\n\n\n\n<p><strong>DIRECTOR ECONOMIC&nbsp;&#8211;&nbsp;ec. Nicoleta B\u00e2l\u0103<\/strong><\/p>\n\n\n\n<p>Mandat 1 ianuarie 2024 &#8211; 20 iunie 2027\u2060<\/p>\n\n\n\n<p><a rel=\"noreferrer noopener\" href=\"https:\/\/apavil.ro\/materiale\/cv\/CV%20NICOLETA%20BALA.pdf\" target=\"_blank\">Vizualizare CV<\/a><\/p>\n\n\n\n<p><a href=\"https:\/\/apavil.ro\/materiale\/transparenta\/Decizia CA 106_27.12.2023_numire DE.pdf\">Decizia CA nr. 106 din 27.12.2023 privind numirea Directorului Economic la Societatea Apavil SA<\/a><\/p>\n\n\n\n<p><a href=\"https:\/\/apavil.ro\/materiale\/transparenta\/Decizia CA 92_19.10.2023_numire DE provizoriu la APAVIL.pdf\">Decizia CA nr. 92 din 19.10.2023 privind numirea Directorului Economic Provizoriu la Societatea Apavil SA<\/a><\/p>\n\n\n\n<p><a href=\"https:\/\/apavil.ro\/materiale\/transparenta\/Decizia CA 52_16.06.2023_numire DE provizoriu.pdf\">Decizia CA nr. 52 din 16.06.2023 privind numirea Directorului Economic Provizoriu la Societatea Apavil SA<\/a><\/p>\n\n\n\n<p><a href=\"https:\/\/apavil.ro\/materiale\/transparenta\/Decizia CA 51_16.06.2023_incetare contract mandat DE provizoriu.pdf\">Decizia CA nr. 51 din 16.06.2023 privind incetarea contractului de mandat al Directorului Economic Provizoriu la Societatea Apavil SA<\/a><\/p>\n\n\n\n<p><a href=\"https:\/\/apavil.ro\/materiale\/transparenta\/Decizia CA 23_19.04.2023_prelungire mandat DE provizoriu.pdf\">Decizia CA nr. 23 din 19.04.2023 cu privire la prelungirea cu doua luni a duratei mandatului Directorului Economic Provizoriu<\/a><\/p>\n\n\n\n<p><a href=\"https:\/\/apavil.ro\/materiale\/transparenta\/Decizia CA 70_15.12.2022_numire DE provizoriu la APAVIL.pdf\">Decizia CA nr. 70 din 15.12.2022 numire a Directorului Economic Provizoriu la Societatea Apavil SA<\/a><\/p>\n\n\n\n<p>Decizia CA nr. 21 din 02.04.2019 numire a Directorului Economic<\/p>\n\n\n\n<p><br><\/p><p><br><\/p><p><br><\/p><p><br><\/p><p><br><\/p>\n\n\n\n<p><strong>DIRECTOR TEHNIC-EXPLOATARE&nbsp;&#8211;&nbsp;sing. David Borleanu<\/strong><\/p>\n\n\n\n<p><\/p>\n\n\n\n<p>Mandat 1 ianuarie 2024 &#8211; 31 decembrie 2025<\/p>\n\n\n\n<p><a rel=\"noreferrer noopener\" href=\"https:\/\/apavil.ro\/materiale\/cv\/cv_borleanu.pdf\" target=\"_blank\">Vizualizare CV<\/a><\/p>\n\n\n\n<p><a href=\"https:\/\/apavil.ro\/materiale\/transparenta\/Decizia CA 108_27.12.2023_numire DTE.pdf\">Decizia CA nr. 108 din 27.12.2023 de numire a Directorului Tehnic-Exploatare la Societatea Apavil SA<\/a><\/p>\n\n\n\n<p><a href=\"https:\/\/apavil.ro\/materiale\/transparenta\/Decizia CA 72_30.08.2023_numire DTE provizoriu la APAVIL.pdf\">Decizia CA nr. 72 din 30.08.2023 de numire a Directorului Tehnic-Exploatare Provizoriu la Societatea Apavil SA<\/a><\/p>\n\n\n\n<p><a href=\"https:\/\/apavil.ro\/materiale\/transparenta\/Decizia CA 25_19.04.2023_numire DTE provizoriu la APAVIL.pdf\">Decizia CA nr. 25 din 19.04.2023 de numire a Directorului Tehnic-Exploatare Provizoriu la Societatea Apavil SA<\/a><\/p>\n\n\n\n<p><a href=\"https:\/\/apavil.ro\/materiale\/transparenta\/Decizia CA 24_19.04.2023_incetare contract mandat DTE provizoriu APAVIL.pdf\">Decizia CA nr. 24 din 19.04.2023 privind incetarea Contractului de mandat nr. 30169 din 01.11.2022 al Directorului Tehnic-Exploatare Provizoriu la Societatea Apavil SA<\/a><\/p>\n\n\n\n<p><a href=\"https:\/\/apavil.ro\/materiale\/transparenta\/Decizia CA 11 _28.02.2023_prelungire DTE provizoriu.pdf\">Decizia CA nr. 11 din 28.02.2023 privind prelungirea duratei mandatului Directorului Tehnic-Exploatare Provizoriu la Societatea Apavil SA<\/a><\/p>\n\n\n\n<p><a href=\"https:\/\/apavil.ro\/materiale\/transparenta\/Decizia CA 50_31.10.2022_numire DTE provizoriu la APAVIL.pdf\">Decizia CA nr. 50 din 31.10.2022 de numire a Directorului Tehnic-Exploatare Provizoriu la Societatea Apavil SA<\/a><\/p>\n\n\n\n<p>Decizia CA nr. 96 din 30.10.2018 numire a Directorului Tehnic-Exploatare<\/p>\n\n\n\n<p><br><\/p>\n\n\n\n<p><strong>DIRECTOR COMERCIAL&nbsp;&#8211;&nbsp;ing. Constantin Tudora<\/strong><\/p>\n\n\n\n<p>Mandat 1 ianuarie 2024 &#8211; 28 februarie 2026<\/p>\n\n\n\n<p><a rel=\"noreferrer noopener\" aria-label=\"Vizualizare CV (opens in a new tab)\" href=\"https:\/\/apavil.ro\/materiale\/cv\/CV C_T.pdf\" target=\"_blank\">Vizualizare CV<\/a><\/p>\n\n\n\n<p><a href=\"https:\/\/apavil.ro\/materiale\/transparenta\/Decizia CA 110_27.12.2023_numire DC.pdf\">Decizia CA nr. 110 din 27.12.2023 de numire a Directorului Comercial la Societatea Apavil SA<\/a><\/p>\n\n\n\n<p><a href=\"https:\/\/apavil.ro\/materiale\/transparenta\/Decizia CA 75_30.08.2023_numire DC provizoriu la APAVIL.pdf\">Decizia CA nr. 75 din 30.08.2023 de numire a Directorului Comercial Provizoriu la Societatea Apavil SA<\/a><\/p>\n\n\n\n<p><a href=\"https:\/\/apavil.ro\/materiale\/transparenta\/Decizia CA 28_19.04.2023_numire DC provizoriu la APAVIL.pdf\">Decizia CA nr. 28 din 19.04.2023 de numire a Directorului Comercial Provizoriu la Societatea Apavil SA<\/a><\/p>\n\n\n\n<p><a href=\"https:\/\/apavil.ro\/materiale\/transparenta\/Decizia CA 27_19.04.2023_incetare contract mandat DC provizoriu APAVIL.pdf\">Decizia CA nr. 27 din 19.04.2023 privind incetarea Contractului de mandat nr. 30170 din 01.11.2022 al Directorului Comercial Provizoriu la Societatea Apavil SA<\/a><\/p>\n\n\n\n<p><a href=\"https:\/\/apavil.ro\/materiale\/transparenta\/Decizia CA 12_28.02.2023_prelungire mandat DC provizoriu.pdf\">Decizia CA nr. 12 din 28.02.2023 privind prelungirea duratei mandatului Directorului Comercial Provizoriu la Societatea Apavil SA<\/a><\/p>\n\n\n\n<p><a href=\"https:\/\/apavil.ro\/materiale\/transparenta\/Decizia CA 53_31.10.2022_numire DC provizoriu la APAVIL.pdf\">Decizia CA nr. 53 din 31.10.2022 de numire a Directorului Comercial Provizoriu la Societatea Apavil SA<\/a><\/p>\n\n\n\n<p>Decizia CA nr. 97 din 30.10.2018 numire a Directorului Comercial<\/p>\n\n\n\n<p class=\"has-white-color has-very-light-gray-color has-text-color has-background\" style=\"background-color:#154f99\"><strong><a href=\"https:\/\/apavil.ro\/materiale\/hotarari\/2023\/Organigrama-01.01.2024.pdf\" data-type=\"URL\" data-id=\"https:\/\/apavil.ro\/materiale\/ROF-Apavil.pdf\" style=\"color:white; text-decoration: none;\">Organigrama<\/a><\/strong><\/p>\n\n\n\n<p class=\"has-very-light-gray-color has-white-color has-text-color has-background\" style=\"background-color:#154f99\"><strong><a href=\"https:\/\/apavil.ro\/materiale\/rof2024.pdf\" style=\"color:white; text-decoration: none;\">Regulament de organizare si functionare<\/a><\/strong><\/p>\n","protected":false},"excerpt":{"rendered":"<p>STRUCTURA OFICIALA A COMPANIEI APAVIL S.A. &nbsp;este societate pe actiuni, cu capital integral de stat, toate actiunile fiind detinute de unitatile administrativ teritoriale, membre ale&nbsp;Asociatiei de Dezvoltare Intracomunitara APA&nbsp;Valcea. Obiectul de activitate al Societatii va fi operarea serviciului de alimentare<\/p>\n","protected":false},"author":1,"featured_media":0,"parent":0,"menu_order":0,"comment_status":"closed","ping_status":"closed","template":"","meta":[],"_links":{"self":[{"href":"https:\/\/apavil.ro\/index.php?rest_route=\/wp\/v2\/pages\/655"}],"collection":[{"href":"https:\/\/apavil.ro\/index.php?rest_route=\/wp\/v2\/pages"}],"about":[{"href":"https:\/\/apavil.ro\/index.php?rest_route=\/wp\/v2\/types\/page"}],"author":[{"embeddable":true,"href":"https:\/\/apavil.ro\/index.php?rest_route=\/wp\/v2\/users\/1"}],"replies":[{"embeddable":true,"href":"https:\/\/apavil.ro\/index.php?rest_route=%2Fwp%2Fv2%2Fcomments&post=655"}],"version-history":[{"count":87,"href":"https:\/\/apavil.ro\/index.php?rest_route=\/wp\/v2\/pages\/655\/revisions"}],"predecessor-version":[{"id":8400,"href":"https:\/\/apavil.ro\/index.php?rest_route=\/wp\/v2\/pages\/655\/revisions\/8400"}],"wp:attachment":[{"href":"https:\/\/apavil.ro\/index.php?rest_route=%2Fwp%2Fv2%2Fmedia&parent=655"}],"curies":[{"name":"wp","href":"https:\/\/api.w.org\/{rel}","templated":true}]}}