{"id":627,"date":"2019-10-01T10:50:42","date_gmt":"2019-10-01T10:50:42","guid":{"rendered":"https:\/\/web3.apavil.ro\/?page_id=627"},"modified":"2026-04-02T10:45:51","modified_gmt":"2026-04-02T08:45:51","slug":"program-lucru","status":"publish","type":"page","link":"https:\/\/apavil.ro\/?page_id=627","title":{"rendered":"Program lucru"},"content":{"rendered":"\n<p class=\"has-very-light-gray-color has-text-color has-background\" style=\"background-color:#154f99\"><strong>PROGRAM DE LUCRU PENTRU SERVICIUL RELATII CU PUBLICUL:<\/strong><\/p>\n\n\n\n<p><strong style=\"padding-left:20px;\">Str. Carol I, nr. 3-5, tel. 0350 802 161, int. 29<\/strong><\/p>\n\n\n\n<ul><li><strong>Luni &#8211; Joi:&nbsp;<\/strong>7:00 &#8211; 15:30<\/li><li><strong>Vineri:&nbsp;<\/strong>7:00 &#8211; 13:00<\/li><li>Apeland la acest serviciu puteti obtine informatii despre tarife, informatii cu privire la documentele necesare incheierii contractelor, documente necesare obtinerii avizelor, puteti initia o solicitare sau reclamatie, puteti semnala o defectiune tehnica.<\/li><\/ul>\n\n\n\n<p class=\"has-very-light-gray-color has-text-color has-background\" style=\"background-color:#154f99\"><strong>PROGRAM AUDIENTE:<\/strong><\/p>\n\n\n\n<ul><li>Audien\u021bele la <strong>Directorul General al Societ\u0103\u021bii Apavil S.A, ing. Florescu Ion, <\/strong>se desf\u0103\u0219oar\u0103 \u00een fiecare zi de miercuri, \u00een intervalul orar 07<sup>00<\/sup> \u2013 09<sup>00<\/sup>, la sediul societ\u0103\u021bii din strada Carol I, nr. 3-5, Rm. V\u00e2lcea. \u00censcrierile \u00een audien\u021b\u0103 se fac prin transmiterea unui e-mail la adresa <a href=\"mailto:comunicare@apavil.ro\">comunicare@apavil.ro<\/a>, telefonic la nr. 0350\/802161 interior 28 sau la Registratura societ\u0103\u021bii din strada Carol I, nr. 3-5, Rm. V\u00e2lcea. Solicitan\u021bii vor comunica un num\u0103r de telefon pentru a putea fi contacta\u021bi ulterior \u00een vederea stabilirii detaliilor.<\/li><\/ul>\n\n\n\n<ul><li>Audien\u021ba se va limita la un interval de maxim 15 minute \u0219i vor fi acceptate maxim 2 persoane concomitent pentru dialogul cu personalul cu func\u021bie de conducere.<\/li><\/ul>\n\n\n\n<ul><li>Pentru asigurarea comunic\u0103rii dintre cet\u0103\u021beni \u0219i conducerea Apavil S.A se pot utiliza \u0219i mijloace alternative cum ar fi formularea unei sesiz\u0103ri scrise sau telefonic, solicitantul urm\u00e2nd s\u0103 primeasc\u0103 r\u0103spuns la cele sesizate.<\/li><\/ul>\n\n\n\n<p class=\"has-text-align-center\"><strong> Echipa managerial\u0103 a Societ\u0103\u021bii APAVIL SA<\/strong><\/p>\n\n\n\n<p class=\"has-very-light-gray-color has-text-color has-background\" style=\"background-color:#154f99\"><strong>SERVICIUL TEHNIC <\/strong> &#8211; <strong>PROGRAM DE LUCRU PENTRU RELATII CU PUBLICUL<\/strong><\/p>\n\n\n\n<p><strong style=\"padding-left:20px;\">Str. Carol I, nr. 3-5<\/strong><\/p>\n\n\n\n<ul><li><strong>Marti:&nbsp;<\/strong> 08:00 \u2013 10:00; 14:00 \u2013 15:00<\/li><li><strong>Joi:&nbsp;<\/strong> 08:00 \u2013 10:00; 14:00 \u2013 15:00<\/li><\/ul>\n\n\n\n<p class=\"has-very-light-gray-color has-text-color has-background\" style=\"background-color:#154f99\"><strong>PROGRAM DE LUCRU CASIERII-INCASARE FACTURI:<\/strong><\/p>\n\n\n\n<p><strong style=\"padding-left:20px;\">Str Carol I, nr. 3-5, Telefon. <strong>0350 802 161<\/strong> int. 29 sau 32<\/strong><\/p>\n\n\n\n<ul><li><strong>Luni &#8211; Joi:\u00a0<\/strong> 07:00 &#8211; 12:00; 12:15 &#8211; 15:30<\/li><li><strong>Vineri:<\/strong> 07:00 &#8211; 12:00; 12:15 &#8211; 15:30<\/li><\/ul>\n\n\n\n<p class=\"has-very-light-gray-color has-text-color has-background\" style=\"background-color:#154f99\"><strong>SERVICIUL CONTRACTARE (DEPUNERE DOCUMENTATIE SI ELIBERARE CONTRACTE):<\/strong><\/p>\n\n\n\n<p><strong style=\"padding-left:20px;\">Str. Carol I, nr. 3-5, Telefon: 0250 739 580 int. 37; 38; 39<\/strong><\/p>\n\n\n\n<ul><li><strong>Luni &#8211; Joi:&nbsp;<\/strong>7:30 &#8211; 14:30<\/li><li><strong>Vineri:&nbsp;<\/strong>7:30 &#8211; 12:30<\/li><\/ul>\n\n\n\n<ul><li>Tipuri de contracte de furnizare servicii apa-canal;<\/li><li>Agenti economici apa si canalizare, agenti economici apa fara canalizare;<\/li><li>Contract furnizare servicii pentru agenti economici;<\/li><li>Asociatii de proprietari;<\/li><li>Contract de furnizare servicii pentru asociatii de proprietari;<\/li><li>Persoane fizice apa si canalizare, persoane fizice apa fara canalizare;<\/li><li>Reinnoire contract de furnizare pentru bransamentul existent;<\/li><li>Contract furnizare servicii pentru abonat nou;<\/li><li>Contract servicii vidanjare;<\/li><li>Acte necesare:<\/li><\/ul>\n\n\n\n<ul><li>Cerere<\/li><li>Certificat de inregistrare fiscal<\/li><\/ul>\n\n\n\n<p class=\"has-very-light-gray-color has-text-color has-background\" style=\"background-color:#154f99\"><strong>LABORATOR METROLOGIE:<\/strong><\/p>\n\n\n\n<ul><li><strong>Verificare apometre:&nbsp;<\/strong>telefon &#8211; 0350 408 805<\/li><li><strong>Montare si reparare apometre:&nbsp;<\/strong>telefon &#8211; 0350 806 985<\/li><li>Contoarele se verifica in Laboratorul Metrologic al APAVIL SA autorizat de Biroul Roman de Metrologie Legala.<\/li><\/ul>\n\n\n\n<p class=\"has-very-light-gray-color has-text-color has-background\" style=\"background-color:#154f99\"><strong>DISPECERAT:<\/strong><\/p>\n\n\n\n<ul><li><strong>Telefon gratuit:&nbsp;<\/strong>0350 802 160; 0350 801 901,    24 de ore din 24;<\/li><\/ul>\n\n\n\n<ul><li>La dispecerat se concentreaza toate informatiile privind alimentarea cu apa, functionarea retelei de distributie apa potabila si a retelei de canalizare, aici se pot comunica telefonic reclamatiile si sesizarile legate de diverse defectiuni aparute in functionarea sistemului de distributie a apei potabile si a retelei de canalizare a orasului.<\/li><li>Reclamatiile si sesizarile se vor inregistra la dispecerat, precizandu-se de fiecare data numele celui ce sesizeaza, natura defectiunii, data, numele dispecerului si in final modul de remediere. Formatiile de interventie ale dispeceratului verifica toate reclamatiile inregistrate si remediaza defectiunile constatate la conductele stradale sau bransamente.<\/li><\/ul>\n","protected":false},"excerpt":{"rendered":"<p>PROGRAM DE LUCRU PENTRU SERVICIUL RELATII CU PUBLICUL: Str. Carol I, nr. 3-5, tel. 0350 802 161, int. 29 Luni &#8211; Joi:&nbsp;7:00 &#8211; 15:30 Vineri:&nbsp;7:00 &#8211; 13:00 Apeland la acest serviciu puteti obtine informatii despre tarife, informatii cu privire la<\/p>\n","protected":false},"author":1,"featured_media":0,"parent":0,"menu_order":0,"comment_status":"closed","ping_status":"closed","template":"","meta":[],"_links":{"self":[{"href":"https:\/\/apavil.ro\/index.php?rest_route=\/wp\/v2\/pages\/627"}],"collection":[{"href":"https:\/\/apavil.ro\/index.php?rest_route=\/wp\/v2\/pages"}],"about":[{"href":"https:\/\/apavil.ro\/index.php?rest_route=\/wp\/v2\/types\/page"}],"author":[{"embeddable":true,"href":"https:\/\/apavil.ro\/index.php?rest_route=\/wp\/v2\/users\/1"}],"replies":[{"embeddable":true,"href":"https:\/\/apavil.ro\/index.php?rest_route=%2Fwp%2Fv2%2Fcomments&post=627"}],"version-history":[{"count":53,"href":"https:\/\/apavil.ro\/index.php?rest_route=\/wp\/v2\/pages\/627\/revisions"}],"predecessor-version":[{"id":8422,"href":"https:\/\/apavil.ro\/index.php?rest_route=\/wp\/v2\/pages\/627\/revisions\/8422"}],"wp:attachment":[{"href":"https:\/\/apavil.ro\/index.php?rest_route=%2Fwp%2Fv2%2Fmedia&parent=627"}],"curies":[{"name":"wp","href":"https:\/\/api.w.org\/{rel}","templated":true}]}}